{"id":2390,"date":"2023-08-27T21:30:22","date_gmt":"2023-08-27T19:30:22","guid":{"rendered":"http:\/\/patrickvdhoeven.nl\/about-us\/"},"modified":"2023-09-17T17:54:41","modified_gmt":"2023-09-17T15:54:41","slug":"about-us","status":"publish","type":"page","link":"https:\/\/patrickvdhoeven.nl\/en\/about-us\/","title":{"rendered":"About us"},"content":{"rendered":"<div class=\"wpb-content-wrapper\"><p>[vc_row gap=&#8221;10&#8243;][vc_column][vc_custom_heading text=&#8221;Patrick van den Hoeven Transport&#8221; use_theme_fonts=&#8221;yes&#8221;][vc_column_text]Anyone who likes trucks should definitely take a look at P. v\/d Hoeven Transport in Woerden. The company was founded in 1991 by Patrick v\/d Hoeven, who has been fascinated by the impressive workhorses, mainly from the Scania brand, since his younger years. After a number of years, he now had a large fleet of about 20 different trucks. \u201cThere is no better feeling than the chatter of such a big 8-cylinder,\u201d laughs Patrick. \u201cDriving these machines really gives me the feeling that you are \u201cKing of the Road\u201d. \u200bSprawd\u017a szczeg\u00f3\u0142y 52 \/ 5 000 Wyniki t\u0142umaczenia T\u0142umaczenie It is a hobby that gives me a lot of satisfaction.\u201d Because it is certainly a hobby! Many people in the Woerden region (and beyond) have probably seen them. The white-green Scanias from P. v\/d Hoeven Transport. Now a household name at home and abroad.<\/p>\n<p>The company is mainly involved in national and international transport. \u201cWe are a small team of enthusiasts for the industry and also crazy about trucks. But what makes us different from the others, you may ask? \u201cWe are a close-knit team of boys and girls who do more than just drive trucks, it is a passion for us,\u201d says Fedor: one of the regular drivers of P. v\/d Hoeven Transport. \u201cWe are given the opportunity to influence the finish of the truck we drive, so every truck is different and therefore &#8216;unique&#8217;. Patrick has a clear explanation for this: \u201cUltimately, these trucks are the workplace where we are present for hours, so we try to make them as comfortable as possible. Of course, the eye also wants something, which is why we always match the color scheme and type of structure to our corporate identity. And that is well liked by many.[\/vc_column_text][vc_empty_space height=&#8221;22px&#8221;][vc_custom_heading text=&#8221;For and by fans!&#8221; use_theme_fonts=&#8221;yes&#8221;][vc_column_text]We have now built up a considerable &#8216;fan base&#8217; of fellow enthusiasts with an eye for trucks. For example, we started merchandising a few years ago. This includes scale models of the various models we have, but also all kinds of gadgets, clothing and custom parts for trucks. My wife Liesbeth manages this, she also maintains our social media channels and therefore has direct contact with many of our fans. Of course it is a matter of supply and demand. Liesbeth is quite a crafter herself, so she made some of the items we sell online and at shows herself in her studio. We also work with a number of companies specialized in various types of merchandising.<\/p>\n<p>Patrick now has an impressive collection of (oldtimer) trucks with which he also attends various shows and other exhibitions. We also participate annually in the<strong>\u2018Most Beautiful Truck in the Netherlands\u2019<\/strong> contest organized by Truckstar in Assen, but we can also regularly be found at various other shows at home and abroad. This is the perfect way for Patrick to combine his passion with his daily profession.<\/p>\n<p>We invite everyone to follow us on <a href=\"https:\/\/www.facebook.com\/PatrickvdHoevenTransportWoerden\/?locale=nl_NL\" target=\"_blank\" rel=\"noopener\">Facebook<\/a> and<a href=\"https:\/\/www.instagram.com\/explore\/tags\/patrickvandenhoeventransport\/\" target=\"_blank\" rel=\"noopener\">Instagram<\/a>, have a chat with us, share your most beautiful photos and don&#8217;t forget to take a look at our new webshop!<br \/>\nWe are ready for you![\/vc_column_text][vc_column_text]Team P. v\/d Hoeven Transport[\/vc_column_text][\/vc_column][\/vc_row]<\/p>\n<\/div>","protected":false},"excerpt":{"rendered":"<p>[vc_row gap=&#8221;10&#8243;][vc_column][vc_custom_heading text=&#8221;Patrick van den Hoeven Transport&#8221; use_theme_fonts=&#8221;yes&#8221;][vc_column_text]Anyone who likes trucks should definitely take a look at P. v\/d Hoeven Transport in Woerden. The company was founded in 1991 by Patrick v\/d Hoeven, who has been fascinated by the impressive workhorses, mainly from the Scania brand, since his younger years. After a number of years,&hellip;<\/p>\n","protected":false},"author":3,"featured_media":0,"parent":0,"menu_order":0,"comment_status":"closed","ping_status":"closed","template":"","meta":{"footnotes":""},"class_list":["post-2390","page","type-page","status-publish","hentry","description-off"],"_links":{"self":[{"href":"https:\/\/patrickvdhoeven.nl\/en\/wp-json\/wp\/v2\/pages\/2390","targetHints":{"allow":["GET"]}}],"collection":[{"href":"https:\/\/patrickvdhoeven.nl\/en\/wp-json\/wp\/v2\/pages"}],"about":[{"href":"https:\/\/patrickvdhoeven.nl\/en\/wp-json\/wp\/v2\/types\/page"}],"author":[{"embeddable":true,"href":"https:\/\/patrickvdhoeven.nl\/en\/wp-json\/wp\/v2\/users\/3"}],"replies":[{"embeddable":true,"href":"https:\/\/patrickvdhoeven.nl\/en\/wp-json\/wp\/v2\/comments?post=2390"}],"version-history":[{"count":0,"href":"https:\/\/patrickvdhoeven.nl\/en\/wp-json\/wp\/v2\/pages\/2390\/revisions"}],"wp:attachment":[{"href":"https:\/\/patrickvdhoeven.nl\/en\/wp-json\/wp\/v2\/media?parent=2390"}],"curies":[{"name":"wp","href":"https:\/\/api.w.org\/{rel}","templated":true}]}}